{"id":632,"date":"2016-01-06T20:07:07","date_gmt":"2016-01-06T20:07:07","guid":{"rendered":"https:\/\/akupunktur-simeon.ch\/wordpresswordpress\/?page_id=632"},"modified":"2024-05-15T14:26:49","modified_gmt":"2024-05-15T14:26:49","slug":"agb","status":"publish","type":"page","link":"https:\/\/akupunktur-simeon.ch\/wordpress\/?page_id=632","title":{"rendered":"AGB \/ Datenschutz"},"content":{"rendered":"\n<style type=\"text\/css\" data-created_by=\"avia_inline_auto\" id=\"style-css-av-z4o9k-b79336e6cb682ee0de41c92b812e1fcb\">\n#top .av-special-heading.av-z4o9k-b79336e6cb682ee0de41c92b812e1fcb{\npadding-bottom:10px;\n}\nbody .av-special-heading.av-z4o9k-b79336e6cb682ee0de41c92b812e1fcb .av-special-heading-tag .heading-char{\nfont-size:25px;\n}\n.av-special-heading.av-z4o9k-b79336e6cb682ee0de41c92b812e1fcb .av-subheading{\nfont-size:15px;\n}\n<\/style>\n<div  class='av-special-heading av-z4o9k-b79336e6cb682ee0de41c92b812e1fcb av-special-heading-h3  avia-builder-el-0  el_before_av_one_half  avia-builder-el-first '><h3 class='av-special-heading-tag'  itemprop=\"headline\"  >AGB und Datenschutz<\/h3><div class=\"special-heading-border\"><div class=\"special-heading-inner-border\"><\/div><\/div><\/div>\n\n<style type=\"text\/css\" data-created_by=\"avia_inline_auto\" id=\"style-css-av-pfdf4-eed1738ceaf6568d0224d36db658d89d\">\n.flex_column.av-pfdf4-eed1738ceaf6568d0224d36db658d89d{\nborder-radius:0px 0px 0px 0px;\npadding:0px 0px 0px 0px;\n}\n<\/style>\n<div  class='flex_column av-pfdf4-eed1738ceaf6568d0224d36db658d89d av_one_half  avia-builder-el-1  el_after_av_heading  el_before_av_one_half  first flex_column_div av-zero-column-padding  '     ><section  class='av_textblock_section av-juge8-0edb9e5786adbf3ad64d89823652484f '   itemscope=\"itemscope\" itemtype=\"https:\/\/schema.org\/CreativeWork\" ><div class='avia_textblock'  itemprop=\"text\" ><ul>\n<li><strong>Haftungsbeschr\u00e4nkung<\/strong><strong><br \/>\n<\/strong>Die Inhalte dieser Website werden mit gr\u00f6\u00dftm\u00f6glicher Sorgfalt erstellt. Der Anbieter \u00fcbernimmt jedoch keine Gew\u00e4hr f\u00fcr die Richtigkeit, Vollst\u00e4ndigkeit und Aktualit\u00e4t der bereitgestellten Inhalte. Die Nutzung der Inhalte der Website erfolgt auf eigene Gefahr des Nutzers. Namentlich gekennzeichnete Beitr\u00e4ge geben die Meinung des jeweiligen Autors und nicht immer die Meinung des Anbieters wieder. Mit der reinen Nutzung der Website des Anbieters kommt keinerlei Vertragsverh\u00e4ltnis zwischen dem Nutzer und dem Anbieter zustande.<\/li>\n<li><strong> Externe Links<\/strong><strong><br \/>\n<\/strong>Diese Website enth\u00e4lt Verkn\u00fcpfungen zu Websites Dritter (\u201eexterne Links\u201c). Diese Websites unterliegen der Haftung der jeweiligen Betreiber. Der Anbieter hat bei der erstmaligen Verkn\u00fcpfung der externen Links die fremden Inhalte daraufhin \u00fcberpr\u00fcft, ob etwaige Rechtsverst\u00f6\u00dfe bestehen. Zu dem Zeitpunkt waren keine Rechtsverst\u00f6\u00dfe ersichtlich. Der Anbieter hat keinerlei Einfluss auf die aktuelle und zuk\u00fcnftige Gestaltung und auf die Inhalte der verkn\u00fcpften Seiten. Das Setzen von externen Links bedeutet nicht, dass sich der Anbieter die hinter dem Verweis oder Link liegenden Inhalte zu Eigen macht. Eine st\u00e4ndige Kontrolle der externen Links ist f\u00fcr den Anbieter ohne konkrete Hinweise auf Rechtsverst\u00f6\u00dfe nicht zumutbar. Bei Kenntnis von Rechtsverst\u00f6\u00dfen werden jedoch derartige externe Links unverz\u00fcglich gel\u00f6scht.<\/li>\n<li><strong> Urheber- und Leistungsschutzrechte<\/strong><strong><br \/>\n<\/strong>Die auf dieser Website ver\u00f6ffentlichten Inhalte unterliegen dem deutschen Urheber- und Leistungsschutzrecht. Jede vom deutschen Urheber- und Leistungsschutzrecht nicht zugelassene Verwertung bedarf der vorherigen schriftlichen Zustimmung des Anbieters oder jeweiligen Rechteinhabers. Dies gilt insbesondere f\u00fcr Vervielf\u00e4ltigung, Bearbeitung, \u00dcbersetzung, Einspeicherung, Verarbeitung bzw. Wiedergabe von Inhalten in Datenbanken oder anderen elektronischen Medien und Systemen. Inhalte und Rechte Dritter sind dabei als solche gekennzeichnet. Die unerlaubte Vervielf\u00e4ltigung oder Weitergabe einzelner Inhalte oder kompletter Seiten ist nicht gestattet und strafbar. Lediglich die Herstellung von Kopien und Downloads f\u00fcr den pers\u00f6nlichen, privaten und nicht kommerziellen Gebrauch ist erlaubt.\u00a0Die Darstellung dieser Website in fremden Frames ist nur mit schriftlicher Erlaubnis zul\u00e4ssig.<\/li>\n<li><strong>Besondere Nutzungsbedingungen[2]<br \/>\n<\/strong>Soweit besondere Bedingungen f\u00fcr einzelne Nutzungen dieser Website von den vorgenannten Nummern 1. bis 4. abweichen, wird an entsprechender Stelle ausdr\u00fccklich darauf hingewiesen. In diesem Falle gelten im jeweiligen Einzelfall die besonderen Nutzungsbedingungen.<br \/>\nQuelle:\u00a0Disclaimer\u00a0pr\u00e4sentiert von\u00a0Juraforum.de\u00a0&#038;\u00a0Experten-Branchenbuch.de<\/li>\n<\/ul>\n<\/div><\/section><\/div>\n\n<style type=\"text\/css\" data-created_by=\"avia_inline_auto\" id=\"style-css-av-e033c-e19b73dd28a744ec66341098f7a30bb9\">\n.flex_column.av-e033c-e19b73dd28a744ec66341098f7a30bb9{\nborder-radius:0px 0px 0px 0px;\npadding:0px 0px 0px 0px;\n}\n<\/style>\n<div  class='flex_column av-e033c-e19b73dd28a744ec66341098f7a30bb9 av_one_half  avia-builder-el-3  el_after_av_one_half  avia-builder-el-last  flex_column_div av-zero-column-padding  '     ><section  class='av_textblock_section av-8euhs-1c927ef0f7a05850393be1bba6150709 '   itemscope=\"itemscope\" itemtype=\"https:\/\/schema.org\/CreativeWork\" ><div class='avia_textblock'  itemprop=\"text\" ><p><strong>Datenschutz<br \/>\n<\/strong><\/p>\n<p><strong>Verantwortliche Person<\/strong><\/p>\n<p>Die verantwortliche Person, welche Ihre Personendaten bearbeitet, ist<\/p>\n<p>Akupunktur Simeon<br \/>\nTribschenstrasse 34, 6005 Luzern,<br \/>\nDufourstrasse 32, 8008 Z\u00fcrich<\/p>\n<p><strong>Bearbeitungszweck<\/strong><\/p>\n<p>Die Erhebung und Bearbeitung Ihrer Personendaten dient in erster Linie der Kommunikation mit Ihnen. Dies beinhaltet auch Marketingzwecke und Beziehungspflege. Hierzu verwende ich insbesondere Kommunikationsdaten und Stammdaten. Ebenfalls kann ich Personendaten zur Erf\u00fcllung und Abwicklung des Behandlungsvertrages erheben und bearbeiten. Basierend auf Ihrer Nutzung unserer Website bearbeite ich Ihre Daten zu den Zwecken, die ich im Folgenden erl\u00e4utere.<\/p>\n<p>Bereitstellung der Website und Erstellung von Logfiles<\/p>\n<p>Beim Besuch meiner Website erfasse ich automatisch allgemeine technische Besuchsinformationen in sogenannten Log-Dateien. Dazu geh\u00f6rt z.B. die IP-Adresse des verwendeten Ger\u00e4ts, von welchem aus der Besuch erfolgt. Die Erhebung und Verarbeitung dieser Log-Dateien erfolgt zum Zweck, die Nutzung unserer Website zu erm\u00f6glichen (Verbindungsaufbau), die Sicherheit und Stabilit\u00e4t meiner Systeme dauerhaft zu gew\u00e4hrleisten und zu erh\u00f6hen, die Optimierung meines Internetangebots zu erm\u00f6glichen sowie zu internen statistischen Zwecken.<\/p>\n<p>Kontaktformular und E-Mail-Kontakt<\/p>\n<p>Sie k\u00f6nnen sich mittels Kontaktformular oder E-Mail an mich wenden. Die dabei erfassten Daten bearbeite ich, um Ihre Anfrage zu pr\u00fcfen und mit Ihnen in Kontakt zu treten und z.B. einen Termin zu vereinbaren<\/p>\n<p><strong>Weitergabe<\/strong><\/p>\n<p>Ich behandle Ihre Personendaten vertraulich und gebe diese nur an jene Dritte bekannt, welche in dieser Datenschutzerkl\u00e4rung aufgef\u00fchrt sind.<\/p>\n<p>F\u00fcr verschiedene administrative T\u00e4tigkeiten verwendet meine Praxis externe Dienstleister. Diese externen Dienstleister k\u00f6nnen aufgrund ihrer T\u00e4tigkeit Einsicht in Ihre Personendaten erhalten, wobei sie vertraglich dazu verpflichtet sind, Ihre Personendaten stets vertraulich zu behandeln. In diesem Zusammenhang k\u00f6nnen Ihre Personendaten insbesondere an folgende Empf\u00e4nger bekanntgegeben werden:<\/p>\n<ul>\n<li>Treuh\u00e4nder im Zusammenhang mit der F\u00fchrung der Buchhaltung und Erstellung und Versand der Rechnungen,<\/li>\n<li>Steuerberater, sofern dies f\u00fcr die Erstellung der Steuererkl\u00e4rung notwendig sein sollte,<\/li>\n<li>IT-Dienstleistungsunternehmen, welche die von mir verwendeten Softwareprogramme und Dienstleistungen bereitstellen sowie die Verwaltung der Website vornehmen,<\/li>\n<li>Inkassounternehmen, falls ich ihre Leistung auf dem Betreibungsweg geltend machen muss,<\/li>\n<li>Anwaltskanzleien, falls eine Streitigkeit aus dem Behandlungsvertrag resultiert<\/li>\n<\/ul>\n<p>Sie k\u00f6nnen Ihren Browser so einstellen, dass Cookies blockiert werden. Dies kann jedoch zur Folge haben, dass einige Bereiche der Website nicht funktionieren.<\/p>\n<p><strong>Kontakt<\/strong><\/p>\n<p>Bei Fragen zur Bearbeitung Ihrer Personendaten oder zur Aus\u00fcbung Ihrer datenschutzrechtlichen Rechte k\u00f6nnen Sie mich unter <a href=\"mailto:herzlich@akupunktur-simeon.ch\">herzlich@akupunktur-simeon.ch<\/a> kontaktieren.<\/p>\n<p><strong>Aktualit\u00e4t und \u00c4nderungen<\/strong><\/p>\n<p>Ich behalte mir das Recht vor, diese Datenschutzerkl\u00e4rung jederzeit ohne Vorank\u00fcndigung zu aktualisieren und anzupassen. Es gilt die jeweils aktuelle, auf unserer Website publizierte Version.<\/p>\n<p>Mit der Nutzung meiner Website erkl\u00e4ren Sie sich mit diesen Bedingungen und der entsprechenden Bearbeitung ihrer Personendaten einverstanden.<\/p>\n<p>Datenschutzerkl\u00e4rung-Version vom 1. September 2023<\/p>\n<\/div><\/section><\/div>\n","protected":false},"excerpt":{"rendered":"","protected":false},"author":2,"featured_media":0,"parent":23,"menu_order":0,"comment_status":"closed","ping_status":"closed","template":"","meta":{"footnotes":""},"_links":{"self":[{"href":"https:\/\/akupunktur-simeon.ch\/wordpress\/index.php?rest_route=\/wp\/v2\/pages\/632"}],"collection":[{"href":"https:\/\/akupunktur-simeon.ch\/wordpress\/index.php?rest_route=\/wp\/v2\/pages"}],"about":[{"href":"https:\/\/akupunktur-simeon.ch\/wordpress\/index.php?rest_route=\/wp\/v2\/types\/page"}],"author":[{"embeddable":true,"href":"https:\/\/akupunktur-simeon.ch\/wordpress\/index.php?rest_route=\/wp\/v2\/users\/2"}],"replies":[{"embeddable":true,"href":"https:\/\/akupunktur-simeon.ch\/wordpress\/index.php?rest_route=%2Fwp%2Fv2%2Fcomments&post=632"}],"version-history":[{"count":11,"href":"https:\/\/akupunktur-simeon.ch\/wordpress\/index.php?rest_route=\/wp\/v2\/pages\/632\/revisions"}],"predecessor-version":[{"id":1765,"href":"https:\/\/akupunktur-simeon.ch\/wordpress\/index.php?rest_route=\/wp\/v2\/pages\/632\/revisions\/1765"}],"up":[{"embeddable":true,"href":"https:\/\/akupunktur-simeon.ch\/wordpress\/index.php?rest_route=\/wp\/v2\/pages\/23"}],"wp:attachment":[{"href":"https:\/\/akupunktur-simeon.ch\/wordpress\/index.php?rest_route=%2Fwp%2Fv2%2Fmedia&parent=632"}],"curies":[{"name":"wp","href":"https:\/\/api.w.org\/{rel}","templated":true}]}}