{"id":499,"date":"2016-01-04T15:58:08","date_gmt":"2016-01-04T15:58:08","guid":{"rendered":"https:\/\/akupunktur-simeon.ch\/wordpresswordpress\/?page_id=499"},"modified":"2022-05-11T06:55:15","modified_gmt":"2022-05-11T06:55:15","slug":"behandlung","status":"publish","type":"page","link":"https:\/\/akupunktur-simeon.ch\/wordpress\/?page_id=499","title":{"rendered":"Behandlung"},"content":{"rendered":"<div id='full_slider_1'  class='avia-fullwidth-slider main_color avia-shadow   avia-builder-el-0  el_before_av_one_full  avia-builder-el-first   container_wrap fullsize'  ><div  class='avia-slideshow av-1rfhmr-33031046ce0593d15126404d54c4d6a2 avia-slideshow-featured_large av_slideshow_full avia-fade-slider av-slideshow-ui av-control-minimal av-slideshow-manual av-loop-once av-loop-manual-endless av-default-height-applied   avia-slideshow-1' data-slideshow-options=\"{&quot;animation&quot;:&quot;fade&quot;,&quot;autoplay&quot;:false,&quot;loop_autoplay&quot;:&quot;once&quot;,&quot;interval&quot;:5,&quot;loop_manual&quot;:&quot;manual-endless&quot;,&quot;autoplay_stopper&quot;:false,&quot;noNavigation&quot;:false,&quot;bg_slider&quot;:false,&quot;keep_padding&quot;:false,&quot;hoverpause&quot;:false,&quot;show_slide_delay&quot;:0}\"  itemprop=\"image\" itemscope=\"itemscope\" itemtype=\"https:\/\/schema.org\/ImageObject\" ><ul class='avia-slideshow-inner ' style='padding-bottom: 42%;'><li  class='avia-slideshow-slide av-1rfhmr-33031046ce0593d15126404d54c4d6a2__0  av-single-slide slide-1 slide-odd'><div data-rel='slideshow-1' class='avia-slide-wrap '   ><div class='av-slideshow-caption av-1rfhmr-33031046ce0593d15126404d54c4d6a2__0 caption_fullwidth caption_bottom'><div class=\"container caption_container\"><div class=\"slideshow_caption\"><div class=\"slideshow_inner_caption\"><div class=\"slideshow_align_caption\"><h2 class='avia-caption-title '  itemprop=\"name\" >Die Behandlung<\/h2><\/div><\/div><\/div><\/div><\/div><img fetchpriority=\"high\" class=\"wp-image-492 avia-img-lazy-loading-not-492\"  src='https:\/\/akupunktur-simeon.ch\/wordpress\/wp-content\/uploads\/2014\/08\/Ovo-Herz-1500x630.jpg' width='1500' height='630' title='Ovo Herz' alt=''  itemprop=\"thumbnailUrl\"   \/><\/div><\/li><\/ul><\/div><\/div><div id='after_full_slider_1'  class='main_color av_default_container_wrap container_wrap fullsize'  ><div class='container av-section-cont-open' ><div class='template-page content  av-content-full alpha units'><div class='post-entry post-entry-type-page post-entry-499'><div class='entry-content-wrapper clearfix'>\n\n<style type=\"text\/css\" data-created_by=\"avia_inline_auto\" id=\"style-css-av-1gvimb-bee1989735c6103384d47befb1337b2a\">\n.flex_column.av-1gvimb-bee1989735c6103384d47befb1337b2a{\nborder-radius:0px 0px 0px 0px;\npadding:0px 0px 0px 0px;\n}\n<\/style>\n<div  class='flex_column av-1gvimb-bee1989735c6103384d47befb1337b2a av_one_full  avia-builder-el-1  el_after_av_slideshow_full  el_before_av_tab_container  avia-builder-el-first  first flex_column_div av-zero-column-padding  '     ><section  class='av_textblock_section av-17x0a3-609e7fd30f553da130817cc651c93295 '   itemscope=\"itemscope\" itemtype=\"https:\/\/schema.org\/CreativeWork\" ><div class='avia_textblock'  itemprop=\"text\" ><h4>\u201eMedizin ist die Absicht des Herzens wie Wandel geschehen will\u201c (Yi Zhe Yi Ye)<\/h4>\n<\/div><\/section><\/div>\n<div  class='tabcontainer av-10iqmr-643d730fcc7c8f1ff1189f754d143530 sidebar_tab sidebar_tab_left  avia-builder-el-3  el_after_av_one_full  avia-builder-el-last  noborder_tabs' role='tablist'>\n<section class='av_tab_section av_tab_section av-9vvcb-36cc997cce4655e896d454c11efdef39'  itemscope=\"itemscope\" itemtype=\"https:\/\/schema.org\/CreativeWork\" ><div class='tab active_tab' role='tab' tabindex='0' data-fake-id='#tab-id-1' aria-controls='tab-id-1-content'  itemprop=\"headline\" ><span class='tab_icon' aria-hidden='true' data-av_icon='\ue806' data-av_iconfont='entypo-fontello'><\/span>Wie wir miteinander arbeiten<\/div><div id='tab-id-1-content' class='tab_content active_tab_content' aria-hidden=\"false\"><div class='tab_inner_content invers-color'  itemprop=\"text\" ><h2>Wie wir miteinander\u00a0arbeiten<\/h2>\n<p>In meiner Behandlung ist f\u00fcr mich sehr wichtig, Sie stets als &#8222;Ganzes&#8220; und mit Ihrem vollen Potential zu sehen. Ich beschr\u00e4nke Sie nicht auf Ihre Beschwerde. So sind zum Beispiel Kopfschmerzen nicht vom \u00fcbrigen K\u00f6rper abgekoppelt. Ihre Symptome sind nicht immer oder unbedingt der Ort wo die Krankheit wohnt. Ich ergr\u00fcnde die dahinter stehenden Ursachen auf k\u00f6rperlicher, energetischer, emotionaler und geistiger Ebene. Ich gehe mit Ihnen dorthin wo das Potential zur Heilung liegt und helfe Ihnen mit Ihren eigenen inneren Sch\u00e4tzen wieder in Kontakt zu kommen. Dazu sagte C.G. Jung: &#8222;Durch die Wunde kommt Licht in die Welt&#8220;. Ich will das Lichtlein in Ihnen anz\u00fcnden um somit den Wendepunkt von Ihrer Krankengeschichte zu Ihrer Heilsgeschichte zu realisieren.<\/p>\n<p>In der Chinesichen Medizin bedeutet Heilung Transformation &#8211; nicht das Wegtherapieren von Symptomen, sondern achtsam mit dem Patienten durch die verschiedenen Prozess-Schritte gehen, was auch ein innerer Reifungsprozess darstellt.<\/p>\n<p>Eine Behandlung dauert eine Stunde. W\u00e4hrend dieser Zeit bin ich immer bei Ihnen und wir sind in Interaktion, ich bin Teilnehmende. Mit Hilfe der Anamnese, der Bauch- und Pulsdiagnose, der kinesiologischen Testung, Ihren Symptomen und Ihrer (Lebens-) Geschichte kann ich ein Bild von Ihnen erstellen und die Behandlungsstrategie entwickeln<strong>. <\/strong><\/p>\n<p>Dabei halte ich immer diese beiden Empfehlungen in mir wach:<\/p>\n<blockquote>\n<p>\u201eMenschen werden krank weil sie nicht gen\u00fcgend Wertsch\u00e4tzung und Liebe erhalten &#8211; also gebt euren Patienten\u00a0Liebe\u201c (Sun Si Miao)<strong>\u00a0<\/strong><\/p>\n<p>\u201eDie Wunderkraft der Heilung liegt in der Liebe, der Zuwendung und der Hingebung zum Menschen. Der Schl\u00fcssel dazu sind lichte Worte, feinf\u00fchlige H\u00e4nde und ein verstehendes Herz und Hirn\u201c\u00a0(Galsan Tschinag)<\/p>\n<\/blockquote>\n<p>Lesen Sie <a href=\"https:\/\/akupunktur-simeon.ch\/wordpress\/?page_id=21\">hier<\/a> mehr \u00fcber mich als Person und das Leitbild \/ die Philosophie meiner Akupunkturpraxis.<\/p>\n<p>Auf der folgenden <a href=\"https:\/\/akupunktur-simeon.ch\/wordpress\/?page_id=25\">Seite<\/a> erfahren Sie mehr Theorie zur Akupunktur und finden auch eine Zusammenstellung von h\u00e4ufig gestellten Fragen zum Thema Akupunktur.<\/p>\n<\/div><\/div><\/section>\n<section class='av_tab_section av_tab_section av-pkktf-58a5b2ec7cc07caa19b9633e99bf13ec'  itemscope=\"itemscope\" itemtype=\"https:\/\/schema.org\/CreativeWork\" ><div class='tab' role='tab' tabindex='0' data-fake-id='#tab-id-2' aria-controls='tab-id-2-content'  itemprop=\"headline\" ><span class='tab_icon' aria-hidden='true' data-av_icon='\ue841' data-av_iconfont='entypo-fontello'><\/span>Indikationen<\/div><div id='tab-id-2-content' class='tab_content' aria-hidden=\"true\"><div class='tab_inner_content invers-color'  itemprop=\"text\" ><h4>Indikationen &#8211; wo Akupunktur helfen kann<\/h4>\n<p>Die Weltgesundheitsorganisation (WHO) ist die Koordinationsbeh\u00f6rde der Vereinten Nationen f\u00fcr das internationale \u00f6ffentliche Gesundheitswesen mit Sitz in Genf. Sie hat eine Liste der erfolgreichen Anwendungsm\u00f6glichkeiten f\u00fcr Akupunktur herausgegeben.<\/p>\n<p>Diese Liste ist keineswegs abschliessend und soll nur einige M\u00f6glichkeiten f\u00fcr Sie aufzeigen:<\/p>\n<p><strong>Bewegungsapparat<\/strong><\/p>\n<ul>\n<li>Nacken-, Brustwirbel-, R\u00fcckenschmerzen (HWS-,BWS-,LWS-Syndrom)<\/li>\n<li>Schulterschmerzen<\/li>\n<li>Tennis-Ellbogen (Epicondylitis)<\/li>\n<li>Golfer-Ellenbogen<\/li>\n<li>Schmerzen an Handgelenken und Fingern<\/li>\n<li>H\u00fcft- und Kniegelenksbeschwerden<\/li>\n<li>Beschwerden an den F\u00fcssen<\/li>\n<\/ul>\n<p><strong>Gyn\u00e4kologie<\/strong><\/p>\n<ul>\n<li>Menstruationsbeschwerden<\/li>\n<li>Beschwerden in der Menopause<\/li>\n<li>Fertilit\u00e4tsst\u00f6rungen, Sterilit\u00e4t<\/li>\n<li>Schwangerschaftserbrechen<\/li>\n<li>Geburtsvorbereitung<\/li>\n<\/ul>\n<p><strong>Urologie \/ Andrologie<\/strong><\/p>\n<ul>\n<li>Harnwegs- und Blasenentz\u00fcndungen (Uretritis, Cystitis)<\/li>\n<li>Impotenz<\/li>\n<\/ul>\n<p><strong>Internistische Erkrankungen<\/strong><\/p>\n<ul>\n<li>Funktionelle Herz- und Kreislaufbeschwerden<\/li>\n<li>Periphere Durchblutungsst\u00f6rungen<\/li>\n<li>Husten und Asthma bronchiale<\/li>\n<li>Nahrungsmittelallergien<\/li>\n<li>Funktionelle St\u00f6rungen des Magen-Darm-Traktes<\/li>\n<li>\u00dcbelkeit und Erbrechen<\/li>\n<li>Gastritis, Magen-, Zw\u00f6lffingerdarmgeschw\u00fcr<\/li>\n<li>Colon irritabile, Colitis Ulcerosa, M. Crohn<\/li>\n<li>Durchfall, Verstopfung<\/li>\n<\/ul>\n<p><strong>Suchterkrankungen <\/strong><\/p>\n<p><strong>Neurologie<\/strong><\/p>\n<ul>\n<li>Kopfschmerzen und Migr\u00e4ne<\/li>\n<li>Gesichtsschmerzen, Trigeminusneuralgie<\/li>\n<li>Schlaganfall, Epilepsie<\/li>\n<li>Schlaf- und Konzentrationsst\u00f6rungen<\/li>\n<li>Depressive Verstimmungen, Angstzust\u00e4nde<\/li>\n<\/ul>\n<p><strong>HNO<\/strong><\/p>\n<ul>\n<li>Verstopfte Nase, verminderter Geruchssinn (Rhinitis, Anosmie)<\/li>\n<li>Nasennebenh\u00f6hlenentz\u00fcndung<\/li>\n<li>Stirnh\u00f6hlenentz\u00fcndung<\/li>\n<li>Heuschnupfen<\/li>\n<li>Mittelohrentz\u00fcndung (Otitis)<\/li>\n<li>H\u00e4ufig wiederkehrende Erk\u00e4ltungen<\/li>\n<\/ul>\n<p><strong>Hauterkrankungen<\/strong><\/p>\n<ul>\n<li>Akne, Neurodermitis und Ekzem<\/li>\n<li>Urtikaria und Allergie<\/li>\n<\/ul>\n<p><strong>Ausserdem ist die Akupunktur auch sehr gut geeignet f\u00fcr:<\/strong><\/p>\n<ul>\n<li>den Blutaufbau bei Eisenmangel<\/li>\n<li>die\u00a0Unterst\u00fctzung bei Schock, schwierigen Ereignissen<\/li>\n<li>die\u00a0Vorbeugung von Krankheiten<\/li>\n<li>f\u00fcr einen harmonischen Lebensfluss.<\/li>\n<\/ul>\n<\/div><\/div><\/section>\n<section class='av_tab_section av_tab_section av-nl4ab-7a8ae34d0695027374bf19f02916d39a'  itemscope=\"itemscope\" itemtype=\"https:\/\/schema.org\/CreativeWork\" ><div class='tab' role='tab' tabindex='0' data-fake-id='#tab-id-3' aria-controls='tab-id-3-content'  itemprop=\"headline\" ><span class='tab_icon' aria-hidden='true' data-av_icon='\ue81f' data-av_iconfont='entypo-fontello'><\/span>Behandlungsdauer und -Kosten<\/div><div id='tab-id-3-content' class='tab_content' aria-hidden=\"true\"><div class='tab_inner_content invers-color'  itemprop=\"text\" ><h4>Behandlungsdauer und -Kosten<\/h4>\n<p>Die Bewilligung zur \u201efachlich selbst\u00e4ndigen und gewerbsm\u00e4ssigen Aus\u00fcbung der Akupunktur\u201c besitze ich f\u00fcr die Kantone Luzern und Z\u00fcrich.<\/p>\n<p>Ebenso das Qualit\u00e4tslabel f\u00fcr Therapeuten des EMR (ErfahrungsMedizinische Register). Das EMR ist ein Qualit\u00e4tslabel f\u00fcr Therapeuten, die alternative Heilmethoden wie Akupunktur, Hom\u00f6opathie, Naturheilkunde oder Shiatsu anbieten. In Zusammenarbeit mit Berufsverb\u00e4nden, Schulen, Versicherern und anderen Institutionen wird somit die Qualit\u00e4tssicherung in der Erfahrungsmedizin in der Schweiz gew\u00e4hrleistet.<\/p>\n<p>Ich bin in der SNE Registrierungsstelle f\u00fcr dei EGK registriert und bei der ASCA (Schweizerische Stiftung f\u00fcr Komplement\u00e4rmedizin) anerkannt.<\/p>\n<p>Eine Behandlung dauert eine Stunde (60 Minuten) und kostet CHF 140.00. Die erste Behandlung geht meistens etwas l\u00e4nger, da ich eine genaue Anamnese erstellen werde. Die Kosten werden dann gem\u00e4ss dem Zeitaufwand berechnet. Sie erhalten am Ende des Monats eine Rechnung.<\/p>\n<h4>Terminabsagen<\/h4>\n<p>Vereinbarte Termin k\u00f6nnen ohne Kostenfolge bis sp\u00e4testens 48 Stunden (Wochentage) vor dem Termin abgesagt werden. Kursfristige Absagen m\u00fcssen in Rechnung gestellt werden.<\/p>\n<p><strong>Neue Abrechnungsanforderung der Krankenkassen ab 2018<\/strong><\/p>\n<p>Das \u00abVersicherer-Team Komplement\u00e4rmedizin hat den Tarif 590 zur Abrechnung von ambulanten komplement\u00e4rmedizinischen Leistungen ins Leben gerufen und den sog. Tarif 590 festgelegt mit dem Ziel einer transparenten Leistungsabrechnung durch die Therapeutinnen und Therapeuten.<\/p>\n<p><strong>Was ist anders? <\/strong><\/p>\n<p>Es gibt ein <strong>einheitliches Abrechnungsformular<\/strong>. Es ist selbstredend, dass daf\u00fcr \u00abpl\u00f6tzlich\u00bb so einige f\u00fcr den Therapeuten kostenpflichtige Software L\u00f6sungen auf den Markt kamen.<\/p>\n<p>Die <strong>Abrechnung<\/strong> muss im <strong>5-Minten Takt<\/strong> nach genau definierten <strong>Tarifziffern<\/strong> erfolgen. Zum Beispiel, 10 Minuten Anamnese, 5 Minuten Moxa, 45 Minuten Akupunktur.<\/p>\n<p>Es wird ein sogenannter <strong>R\u00fcckforderungsbeleg <\/strong>f\u00fcr die Krankenkasse erstellt.<\/p>\n<\/div><\/div><\/section>\n<section class='av_tab_section av_tab_section av-eciir-f843ef74a16ccdb287d6423551a4d8f5'  itemscope=\"itemscope\" itemtype=\"https:\/\/schema.org\/CreativeWork\" ><div class='tab' role='tab' tabindex='0' data-fake-id='#tab-id-4' aria-controls='tab-id-4-content'  itemprop=\"headline\" ><span class='tab_icon' aria-hidden='true' data-av_icon='\ue832' data-av_iconfont='entypo-fontello'><\/span>Krankenkasse<\/div><div id='tab-id-4-content' class='tab_content' aria-hidden=\"true\"><div class='tab_inner_content invers-color'  itemprop=\"text\" ><h4>Krankenkasse<\/h4>\n<p>Die meisten Krankenkassen \u00fcbernehmen die Behandlungskosten, oder zumindest einen Teil davon, wenn Sie daf\u00fcr eine Zusatzversicherung haben. Bitte informieren Sie sich vor der Behandlung, ob Ihre Krankenkasse die Kosten und falls ja, wie viel davon, \u00fcbernimmt.<\/p>\n<\/div><\/div><\/section>\n<section class='av_tab_section av_tab_section av-b4rur-22c3ba4f949da77dd17083b4d55714b1'  itemscope=\"itemscope\" itemtype=\"https:\/\/schema.org\/CreativeWork\" ><div class='tab' role='tab' tabindex='0' data-fake-id='#tab-id-5' aria-controls='tab-id-5-content'  itemprop=\"headline\" ><span class='tab_icon' aria-hidden='true' data-av_icon='\ue854' data-av_iconfont='entypo-fontello'><\/span>Termin vereinbaren<\/div><div id='tab-id-5-content' class='tab_content' aria-hidden=\"true\"><div class='tab_inner_content invers-color'  itemprop=\"text\" ><h4>Termin vereinbaren<\/h4>\n<p>Wenn Sie einen Termin vereinbaren m\u00f6chten, rufen\u00a0Sie einfach an (079 205 5582)\u00a0oder schreiben Sie mir eine Email an\u00a0<a href=\"mailto:herzlich@akupunkturpraxis-simeon.ch\">herzlich@akupunkturpraxis-simeon.ch<\/a>\u00a0oder via <a href=\"https:\/\/akupunktur-simeon.ch\/wordpress\/?page_id=23\">Kontaktformular<\/a>.<\/p>\n<p>Da ich vor und w\u00e4hrend Behandlungen keine Telefongespr\u00e4che f\u00fchre, werde ich Sie bei n\u00e4chster Gelegenheit zur\u00fcckrufen.<\/p>\n<p>Bitte verstehen Sie, dass ich vereinbarte Termine, die nicht mindestens 48 Stunden vorher telefonisch bei mir abgesagt wurden, verrechnen muss.<\/p>\n<\/div><\/div><\/section>\n<\/div>\n","protected":false},"excerpt":{"rendered":"","protected":false},"author":2,"featured_media":0,"parent":21,"menu_order":0,"comment_status":"closed","ping_status":"closed","template":"","meta":{"footnotes":""},"_links":{"self":[{"href":"https:\/\/akupunktur-simeon.ch\/wordpress\/index.php?rest_route=\/wp\/v2\/pages\/499"}],"collection":[{"href":"https:\/\/akupunktur-simeon.ch\/wordpress\/index.php?rest_route=\/wp\/v2\/pages"}],"about":[{"href":"https:\/\/akupunktur-simeon.ch\/wordpress\/index.php?rest_route=\/wp\/v2\/types\/page"}],"author":[{"embeddable":true,"href":"https:\/\/akupunktur-simeon.ch\/wordpress\/index.php?rest_route=\/wp\/v2\/users\/2"}],"replies":[{"embeddable":true,"href":"https:\/\/akupunktur-simeon.ch\/wordpress\/index.php?rest_route=%2Fwp%2Fv2%2Fcomments&post=499"}],"version-history":[{"count":23,"href":"https:\/\/akupunktur-simeon.ch\/wordpress\/index.php?rest_route=\/wp\/v2\/pages\/499\/revisions"}],"predecessor-version":[{"id":1629,"href":"https:\/\/akupunktur-simeon.ch\/wordpress\/index.php?rest_route=\/wp\/v2\/pages\/499\/revisions\/1629"}],"up":[{"embeddable":true,"href":"https:\/\/akupunktur-simeon.ch\/wordpress\/index.php?rest_route=\/wp\/v2\/pages\/21"}],"wp:attachment":[{"href":"https:\/\/akupunktur-simeon.ch\/wordpress\/index.php?rest_route=%2Fwp%2Fv2%2Fmedia&parent=499"}],"curies":[{"name":"wp","href":"https:\/\/api.w.org\/{rel}","templated":true}]}}