{"id":25,"date":"2014-09-26T17:24:29","date_gmt":"2014-09-26T17:24:29","guid":{"rendered":"http:\/\/192.168.1.104\/enfold-photography\/?page_id=25"},"modified":"2024-01-17T16:08:57","modified_gmt":"2024-01-17T16:08:57","slug":"portfolio","status":"publish","type":"page","link":"https:\/\/akupunktur-simeon.ch\/wordpress\/?page_id=25","title":{"rendered":"Akupunktur"},"content":{"rendered":"<div id='full_slider_1'  class='avia-fullwidth-slider main_color avia-shadow   avia-builder-el-0  el_before_av_one_full  avia-builder-el-first   container_wrap fullsize'  >\n<style type=\"text\/css\" data-created_by=\"avia_inline_auto\" id=\"style-css-av-652fh-1d0ac64cd4fdbc7a79356a8a944561ce\">\n#top .avia-slideshow .av-slideshow-caption.av-652fh-1d0ac64cd4fdbc7a79356a8a944561ce__0 .avia-caption-content{\nfont-size:20px;\n}\n#top .avia-slideshow .av-slideshow-caption.av-652fh-1d0ac64cd4fdbc7a79356a8a944561ce__0 .avia-caption-content p{\nfont-size:20px;\n}\n<\/style>\n<div  class='avia-slideshow av-652fh-1d0ac64cd4fdbc7a79356a8a944561ce avia-slideshow-featured_large av_slideshow_full avia-fade-slider av-slideshow-ui av-control-minimal av-slideshow-manual av-loop-once av-loop-manual-endless av-default-height-applied   avia-slideshow-1' data-slideshow-options=\"{&quot;animation&quot;:&quot;fade&quot;,&quot;autoplay&quot;:false,&quot;loop_autoplay&quot;:&quot;once&quot;,&quot;interval&quot;:5,&quot;loop_manual&quot;:&quot;manual-endless&quot;,&quot;autoplay_stopper&quot;:false,&quot;noNavigation&quot;:false,&quot;bg_slider&quot;:false,&quot;keep_padding&quot;:false,&quot;hoverpause&quot;:false,&quot;show_slide_delay&quot;:0}\"  itemprop=\"image\" itemscope=\"itemscope\" itemtype=\"https:\/\/schema.org\/ImageObject\" ><ul class='avia-slideshow-inner ' style='padding-bottom: 42%;'><li  class='avia-slideshow-slide av-652fh-1d0ac64cd4fdbc7a79356a8a944561ce__0  av-single-slide slide-1 slide-odd'><div data-rel='slideshow-1' class='avia-slide-wrap '   ><div class='av-slideshow-caption av-652fh-1d0ac64cd4fdbc7a79356a8a944561ce__0 caption_fullwidth caption_bottom'><div class=\"container caption_container\"><div class=\"slideshow_caption\"><div class=\"slideshow_inner_caption\"><div class=\"slideshow_align_caption\"><h2 class='avia-caption-title '  itemprop=\"name\" >Akupunktur<\/h2><div class='avia-caption-content '  itemprop=\"description\" ><p>und die Chinesische (Traditionelle) Medizin<\/p>\n<\/div><\/div><\/div><\/div><\/div><\/div><img fetchpriority=\"high\" class=\"wp-image-486 avia-img-lazy-loading-not-486\"  src='https:\/\/akupunktur-simeon.ch\/wordpress\/wp-content\/uploads\/2014\/08\/Nadeln-1500x630.jpg' width='1500' height='630' title='Nadeln' alt=''  itemprop=\"thumbnailUrl\"   \/><\/div><\/li><\/ul><\/div><\/div><div id='after_full_slider_1'  class='main_color av_default_container_wrap container_wrap fullsize'  ><div class='container av-section-cont-open' ><div class='template-page content  av-content-full alpha units'><div class='post-entry post-entry-type-page post-entry-25'><div class='entry-content-wrapper clearfix'>\n\n<style type=\"text\/css\" data-created_by=\"avia_inline_auto\" id=\"style-css-av-54gwx-63f4932870bf432235e6ea050e344638\">\n.flex_column.av-54gwx-63f4932870bf432235e6ea050e344638{\nborder-radius:0px 0px 0px 0px;\npadding:0px 0px 0px 0px;\n}\n<\/style>\n<div  class='flex_column av-54gwx-63f4932870bf432235e6ea050e344638 av_one_full  avia-builder-el-1  el_after_av_slideshow_full  el_before_av_hr  avia-builder-el-first  first flex_column_div av-zero-column-padding  '     ><section  class='av_textblock_section av-48s3h-aa53106657c4576bc33ebfc63850ce01 '   itemscope=\"itemscope\" itemtype=\"https:\/\/schema.org\/CreativeWork\" ><div class='avia_textblock'  itemprop=\"text\" ><h3>Einleitung<\/h3>\n<p>Die Chinesische Medizin beschr\u00e4nkt sich in ihrer Anatomie, Physiologie und \u00c4tiologie, verglichen mit der westlichen Medizin, auf den ersten Blick auf einfache Denkgebilde, dennoch steckt dahinter ein tiefes, breites und altes vernetztes Wissen. Diese jahrtausendealten Traditionen, die die Gesetzm\u00e4ssigkeiten des Universums widerspiegeln sind gelebte Heilkunst im Heute und breiten sich immer mehr in der westlichen Welt aus. Hier werden der Geist, die Seele und der K\u00f6rper nie getrennt betrachtet, sondern bilden immer eine Einheit, im Innen wie im Aussen. So ist es auch selbstverst\u00e4ndlich, dass \u00e4ussere Einfl\u00fcsse wie die Umwelt, das Klima, die Lebensumst\u00e4nde, die Familie, die Ern\u00e4hrung und kosmisch-himmlische Beeinflussungen auf das Wohlbefinden des Menschen einwirken. Der Kreislauf der Natur (Makrokosmos) findet sich im Menschen (Mikrokosmos) wieder und andersrum.<\/p>\n<p>Haben Sie Interesse mehr zu lesen?\u00a0Dann klicken Sie sich einfach durch die folgenden Inhalte:<\/p>\n<\/div><\/section><\/div>\n\n<style type=\"text\/css\" data-created_by=\"avia_inline_auto\" id=\"style-css-av-4234h-0582d7cc9168796f51ec6581e5cc14d9\">\n#top .hr.hr-invisible.av-4234h-0582d7cc9168796f51ec6581e5cc14d9{\nheight:15px;\n}\n<\/style>\n<div  class='hr av-4234h-0582d7cc9168796f51ec6581e5cc14d9 hr-invisible  avia-builder-el-3  el_after_av_one_full  el_before_av_tab_container '><span class='hr-inner '><span class=\"hr-inner-style\"><\/span><\/span><\/div>\n<div  class='tabcontainer av-34lst-1bdf210741433030bc0c2796af612255 sidebar_tab sidebar_tab_left  avia-builder-el-4  el_after_av_hr  avia-builder-el-last  noborder_tabs' role='tablist'>\n<section class='av_tab_section av_tab_section av-2nill-14308b9897d890c4f194b7165feb78fa'  itemscope=\"itemscope\" itemtype=\"https:\/\/schema.org\/CreativeWork\" ><div class='tab active_tab' role='tab' tabindex='0' data-fake-id='#tab-id-1' aria-controls='tab-id-1-content'  itemprop=\"headline\" ><span class='tab_icon' aria-hidden='true' data-av_icon='\ue81f' data-av_iconfont='entypo-fontello'><\/span>Die Akupunktur und die (traditionelle) Chinesische Medizin<\/div><div id='tab-id-1-content' class='tab_content active_tab_content' aria-hidden=\"false\"><div class='tab_inner_content invers-color'  itemprop=\"text\" ><h4>Die Akupunktur und die (traditionelle) Chinesische Medizin<\/h4>\n<p>Es grenzt an ein Wunder, wie die Heilkundigen in China vor tausenden Jahren die unsichtbaren Energiestr\u00f6me der Lebensenergie &#8211; Qi, die Leitbahnen und die Akupunkturpunkte \u201esehen\u201c und diese den Organen mit ihren Funktionskreisen zuordnen und beschreiben konnten. Die Antwort liegt wohl darin, dass der Daoismus als Wurzel schamanistische Traditionen hat und heute diese Hellsichtigkeit und spirituelle Wahrnehmung geradezu revolution\u00e4r erscheint. Man kann auch sagen, dass die chinesische Medizin nicht nur Heilkunst, sondern auch eine Lebensweise ist.<\/p>\n<p>In den chinesischen Medizinklassikern, dem <em>Nei Jing (Klassiker des Gelben Kaisers von der inneren Medizin)<\/em> mit seinen beiden B\u00e4ndern <em>Su Wen <\/em>(Die einfachen Fragen) und Ling Shu (Der spirituelle Pfeiler), im Na<em>n Jing <\/em>(Klassiker der schwierigen Fragen) und im Buch vom Weg und seiner Wirkung, dem <em>Daodejing<\/em> und nicht zuletzt im <em>I Ging <\/em>mit seiner Beschreibung \u00fcber die Entstehung der Uranf\u00e4nge bis zum Weltenkonzept, finden wir die Heilk\u00fcnste der Chinesischen Medizin und Akupunktur niedergeschrieben. Daraus bauen sich die Grundlagen der chinesischen Medizin, die Lehre von Yin und Yang und die Wandlungsphasenlehre auf. In dieser sehr bildlichen Sprache, die mit der Natur verglichen wird, kann ich meinen Patienten ein leicht verst\u00e4ndliches Bild \u00fcber die Erkrankung und den Weg der Heilung malen und mit ihrer Lebensgeschichte verweben.<\/p>\n<p>Dieses alte Wissen, meine Erfahrung, mein Einf\u00fchlungsverm\u00f6gen und meine Intuition fliessen zusammen und \u00f6ffnen ein breites Feld der (Behandlungs-) M\u00f6glichkeiten. Die Energiefl\u00fcsse, das Qi, in den Leitbahnen, lenke ich mit angezeigten Akupunkturpunkten im richtigen Tempo, der notwendigen Quantit\u00e4t und Qualit\u00e4t im Sinne der Wandlungsphasentheorie in die heilende Stromrichtung. Diese Absicht wird mit der Akupunkturnadel besiegelt. Dadurch wird der Fluss des Kreislaufes (Wandlungsphasen) wieder hergestellt und nicht zuletzt auch die Selbstheilungskr\u00e4fte angeregt. Prim\u00e4r wird keine Symptom- oder Syndromtherapie angestrebt. Alles lebt und gehorcht einer eigenen Ordnung und den unsichtbaren Verbindungen zwischen allem was ist.<\/p>\n<p>Wir k\u00f6nnten dies mit dem wundervollen Gedicht von Joseph von Eichendorff auf den \u201e(Akupunktur) Punkt\u201c bringen\u2026<\/p>\n<p><img loading=\"lazy\" decoding=\"async\" class=\"alignnone wp-image-544 \" src=\"https:\/\/akupunktur-simeon.ch\/wordpress\/wp-content\/uploads\/2016\/01\/Blatt-Herz-2-Zitat-klein-931x1030.png\" alt=\"Blatt Herz 2 Zitat klein\" width=\"525\" height=\"584\" \/><\/p>\n<\/div><\/div><\/section>\n<section class='av_tab_section av_tab_section av-1vf99-cc25d05617003f10c5d4b28c869b98d4'  itemscope=\"itemscope\" itemtype=\"https:\/\/schema.org\/CreativeWork\" ><div class='tab' role='tab' tabindex='0' data-fake-id='#tab-id-2' aria-controls='tab-id-2-content'  itemprop=\"headline\" ><span class='tab_icon' aria-hidden='true' data-av_icon='\ue81f' data-av_iconfont='entypo-fontello'><\/span>Japanische Akupunktur<\/div><div id='tab-id-2-content' class='tab_content' aria-hidden=\"true\"><div class='tab_inner_content invers-color'  itemprop=\"text\" ><h4>Die Japanische Akupunktur<\/h4>\n<p>Die Japanische Akupunktur entwickelte sich aus der chinesischen Akupunktur, wo durch hauchd\u00fcnne Nadeln eine sehr sanfte und feine Nadeltechnik praktiziert wird. Durch die relativ geringe Einstichtiefe werden dennoch tiefe Ebenen der Energiestr\u00f6me beeinflusst. Diese sehr schmerzarme und sanfte Methode kann auch besonders bei \u00e4lteren und schw\u00e4cheren und bei \u00e4ngstlichen Menschen vielversprechend angewendet werden. Es erfordert beim Behandler eine hohe Sensitivit\u00e4t und sehr feinf\u00fchlige Finger, dadurch k\u00f6nnen passende oder auch disharmonische Akupunkturpunkte oder K\u00f6rperareale ertastet und alleine dadurch schon (teil-) behandelt werden.<\/p>\n<p>Die heutigen grossen Meister der japanischen Akupunktur sind Kiiko Matsumoto und David Euler. Yoshio Manaka hat mit seinem Ionenpumpenkabel und der Erforschung anderer Behandlungsstrategien die Japanische Akupunktur wesentlich beeinflusst.<\/p>\n<\/div><\/div><\/section>\n<section class='av_tab_section av_tab_section av-1iusd-fc1a45cad748e45cf2fe6987c0e42a03'  itemscope=\"itemscope\" itemtype=\"https:\/\/schema.org\/CreativeWork\" ><div class='tab' role='tab' tabindex='0' data-fake-id='#tab-id-3' aria-controls='tab-id-3-content'  itemprop=\"headline\" ><span class='tab_icon' aria-hidden='true' data-av_icon='\ue81f' data-av_iconfont='entypo-fontello'><\/span>Zus\u00e4tzilche Behandlungsmethoden<\/div><div id='tab-id-3-content' class='tab_content' aria-hidden=\"true\"><div class='tab_inner_content invers-color'  itemprop=\"text\" ><h4>Zus\u00e4tzliche Behandlungs-Methoden<\/h4>\n<p>Mit dem Beifusskraut, <u>Moxa<\/u> genannt, f\u00fchre ich zum einen Energie und Licht und zum anderen W\u00e4rme zu. Es werden daf\u00fcr verschiedene Applikationsm\u00f6glichkeiten angewendet, immer jedoch verwende ich Moxakraut sehr achtsam und in Interaktion mit dem Patienten.<\/p>\n<p>Weitere Behandlungsm\u00f6glichkeiten biete ich in der Anwendung des <u>Ionenpumpenkabels<\/u> womit eine gezielte Flussrichtung und Verst\u00e4rkung der Stimulation erreicht werden kann. <u>Klopftechniken<\/u> z.B. mit dem Manaka Hammer im genauen Meridian-Takt, oder die Hibiki \u2013 Nadelklopftechnik wo Muskelfaszien gelockert und somit auch strukturelle Blockaden gel\u00f6st werden k\u00f6nnen, kommen ebenfalls zur Anwendung. Durch <u>Gua Sha<\/u> wird mit einem abgerundeten L\u00f6ffel auf der Hautoberfl\u00e4che krankmachende Ablagerungen und Blockaden nach Aussen abtransportiert. Die Anwendung von <u>Magneten<\/u>, auch im Dauereinsatz, erm\u00f6glicht eine weitere zus\u00e4tzliche Massnahme.<\/p>\n<p>Zus\u00e4tzlich beziehe ich verschiedene Mikroakupunktursysteme (Ohrakupunktur, Handakupunktur, ECIWO usw.) als unterst\u00fctzende Methoden zur klassischen Behandlung mit ein.<\/p>\n<h4><strong>Muskeltestung des Meridiansystems<\/strong><\/h4>\n<p>Die kinesiologische Muskeltestung ist eine Art Zwiegespr\u00e4ch mit dem Tiefenbewusstsein und wurde von Anfang an mit den Leibahnen verbunden. Dies wird durch das sog. morphogenetische Feld m\u00f6glich.<\/p>\n<p>Viele Erfahrungen speichert das Ged\u00e4chtnis nicht ab, wie z.B. schwierige und schmerzhafte Ereignisse. Der Muskeltest basiert auf der neurobiologischen Erkl\u00e4rung, dass krankmachende Emotionen sich im K\u00f6rper manifestieren k\u00f6nnen. Die neuro-muskul\u00e4re Entkoppelung basiert auf die Aktivierung eines Stressors. Durch gezielte Fragen in Verbindung mit der Lebensgeschichte und Krankengeschichte und dem Austesten kann ich das Meridiansystem ermitteln, das die St\u00f6rung verursacht, ebenso den Zeitpunkt des Entstehens, dies kann sogar im vorgeburtlichen liegen. Das Alltagsbewusstsein kann diese Informationen nicht hervorbringen. Mit diesen Hinweisen kann eine sehr gezielte Behandlung durchf\u00fchrt werden.<\/p>\n<h4>L\u00f6sen von karmischen Mustern<\/h4>\n<p>Karmische Verstrickungen k\u00f6nnen unser Leben sehr beeinflussen und die Ursache f\u00fcr k\u00f6rperliche Symptome und Schmerzen sein. Die Aura ist ein Oranismus durchdringendes und umgebendes biophysikalisches Energiefeld das fortlaufenden Ver\u00e4nderungen ausgesetzt ist. Dieses Lebensfeld &#8211; unsere Aura &#8211; das hinter aller Materie steht, hat die Emotionen gespeichert, die der Hypothalamus f\u00fcr uns gefiltert hat. Durch diese emotionale Verbindung kommt die Verstrickung wieder in unser K\u00f6rperbewusstsein. Durch das L\u00f6sen dieser Verstrickungen wird das Feld gekl\u00e4rt und der K\u00f6rper kann wieder gesund werden, weil die Ursache gel\u00f6st wurde und nicht nur das Symptom &#8222;bet\u00e4ubt&#8220;.<\/p>\n<\/div><\/div><\/section>\n<section class='av_tab_section av_tab_section av-zg6d-1e3dc71788f0c6565ab0d46469a40850'  itemscope=\"itemscope\" itemtype=\"https:\/\/schema.org\/CreativeWork\" ><div class='tab' role='tab' tabindex='0' data-fake-id='#tab-id-4' aria-controls='tab-id-4-content'  itemprop=\"headline\" ><span class='tab_icon' aria-hidden='true' data-av_icon='\ue81d' data-av_iconfont='entypo-fontello'><\/span>H\u00e4ufig gestellte Fragen<\/div><div id='tab-id-4-content' class='tab_content' aria-hidden=\"true\"><div class='tab_inner_content invers-color'  itemprop=\"text\" ><h4><strong>Fragen, die immer wieder auftauchen <\/strong><\/h4>\n<ul>\n<li><strong>Was muss ich beachten, wenn ich in die Behandlung komme. Muss ich mich vorbereiten?<br \/>\n<\/strong>Bei der allerersten Konsultation werde ich mit Ihnen zusammen eine Anamnese erstellen, damit ich Ihren Lebensweg kennen lerne, dabei geht es nicht um das Abfragen der Krankheiten, sondern um das Erfahren Ihrer Lebenssituation und Ihrer Beschwerden und vor allem der versteckten oder unterdr\u00fcckten Hemmnisse. Sie m\u00fcssen nichts vorbereiten und nichts beachten, ausser, dass Sie morgens etwas gegessen haben sollten.<\/li>\n<li><strong>Wie kann ich mir die Behandlung konkret vorstellen?<br \/>\n<\/strong>Als erste Schritte in der Behandlung werde ich sogenannte Behandlungsblockaden l\u00f6sen. Eine Behandlungsblockade k\u00f6nnten toxische Ablagerungen durch Medikamente, Allergien, geopathische Belastungen, krankmachende Faktoren jeglicher Art, die in Ihren K\u00f6rper eingedrungen sind, u.v,a. sein. Mit der Stimulation angezeigter Akupunkturpunkte entweder mit dem Finger, der Akupunkturnadel oder mit Hilfe eines Magnetes werde ich Ihr inneres Feld kl\u00e4ren, damit die Behandlung auch fruchten kann. Dann erst beginnt die eigentliche Behandlung, die in eine Zweig- und eine Wurzelbehandlung unterteilt ist. Die Zweigbehandlung ist das akute Problem und die Wurzelbehandlung ist der Ursprung in Ihrer geschw\u00e4chten Wandlungsphase. Dazu liegen Sie bequem und warm auf einer Liege und wenn Sie wollen zugedeckt, evtl. m\u00fcssen sie partiell bestimmte K\u00f6rperareale frei machen.<\/li>\n<li><strong>Wie viele Behandlungen braucht man?<br \/>\n<\/strong>Man kann im Durchschnitt mit ungef\u00e4hr 6 Behandlungen in k\u00fcrzeren Abst\u00e4nden in der Akutphase rechnen, die dann zur Gesunderhalten in l\u00e4ngeren Abst\u00e4nden beibehalten werden sollten.<\/li>\n<li><strong style=\"line-height: 1.5;\">Tut Akupunktur weh?<br \/>\n<\/strong>Ich behandle mit ganz feinen Nadeln und sehr achtsam. Die Einstichtiefe ist meistens sehr oberfl\u00e4chlich. Sie werden sanft das Qi sp\u00fcren, dass ausstr\u00f6mt, was aber kaum als Schmerz empfunden wird, eher als Kribbeln.<\/li>\n<li><strong>Wie wirkt das Stechen mit der Akupunkturnadel?<br \/>\n<\/strong>Die Schulmedizin erkl\u00e4rt das Ph\u00e4nomen der Wirkung mit einer Nervenstimulation. Das ist nur ein Teil der Wahrheit und trifft auch nicht immer zu, denn mit der Stimulation mit der Akupunkturnadel erreicht man ganz tiefere formlose Schichten und Str\u00f6me, die nur energetisch vorhanden sind.<\/li>\n<li><strong>K\u00f6nnte ich ohnm\u00e4chtig werden beim Einstechen einer Nadel?<br \/>\n<\/strong>Grunds\u00e4tzlich kann man in der Medizin nichts ausschliessen. Wenn Sie aber gefr\u00fchst\u00fcckt und keine ernsthafte Kreislaufschw\u00e4che haben, wird das nicht passieren. Sie sind nie alleine im Behandlungszimmer, ich bin immer im Raum und in Interaktion mit Ihnen.<\/li>\n<li><strong style=\"line-height: 1.5;\">Kann ich selber etwas zu meiner Gesundung beitragen?<br \/>\n<\/strong>Ja unbedingt, wir sind ein Team. Sie k\u00f6nnen durch bestimmte \u00dcbungen, eigene Stimmulation bestimmter Punkte usw., die auf Ihre Behandlung abgestimmt sein werden, mithelfen. Ich appelliere an Ihre Eigenverantwortung.<\/li>\n<\/ul>\n<\/div><\/div><\/section>\n<\/div>\n","protected":false},"excerpt":{"rendered":"","protected":false},"author":2,"featured_media":0,"parent":65,"menu_order":0,"comment_status":"open","ping_status":"open","template":"","meta":{"footnotes":""},"_links":{"self":[{"href":"https:\/\/akupunktur-simeon.ch\/wordpress\/index.php?rest_route=\/wp\/v2\/pages\/25"}],"collection":[{"href":"https:\/\/akupunktur-simeon.ch\/wordpress\/index.php?rest_route=\/wp\/v2\/pages"}],"about":[{"href":"https:\/\/akupunktur-simeon.ch\/wordpress\/index.php?rest_route=\/wp\/v2\/types\/page"}],"author":[{"embeddable":true,"href":"https:\/\/akupunktur-simeon.ch\/wordpress\/index.php?rest_route=\/wp\/v2\/users\/2"}],"replies":[{"embeddable":true,"href":"https:\/\/akupunktur-simeon.ch\/wordpress\/index.php?rest_route=%2Fwp%2Fv2%2Fcomments&post=25"}],"version-history":[{"count":36,"href":"https:\/\/akupunktur-simeon.ch\/wordpress\/index.php?rest_route=\/wp\/v2\/pages\/25\/revisions"}],"predecessor-version":[{"id":1748,"href":"https:\/\/akupunktur-simeon.ch\/wordpress\/index.php?rest_route=\/wp\/v2\/pages\/25\/revisions\/1748"}],"up":[{"embeddable":true,"href":"https:\/\/akupunktur-simeon.ch\/wordpress\/index.php?rest_route=\/wp\/v2\/pages\/65"}],"wp:attachment":[{"href":"https:\/\/akupunktur-simeon.ch\/wordpress\/index.php?rest_route=%2Fwp%2Fv2%2Fmedia&parent=25"}],"curies":[{"name":"wp","href":"https:\/\/api.w.org\/{rel}","templated":true}]}}