{"id":21,"date":"2014-09-26T17:23:32","date_gmt":"2014-09-26T17:23:32","guid":{"rendered":"http:\/\/192.168.1.104\/enfold-photography\/?page_id=21"},"modified":"2023-11-08T06:14:45","modified_gmt":"2023-11-08T06:14:45","slug":"about","status":"publish","type":"page","link":"https:\/\/akupunktur-simeon.ch\/wordpress\/?page_id=21","title":{"rendered":"\u00dcber Barbara Simeon"},"content":{"rendered":"<div id='full_slider_1'  class='avia-fullwidth-slider main_color avia-shadow   avia-builder-el-0  el_before_av_testimonials  avia-builder-el-first   container_wrap fullsize'  ><div  class='avia-slideshow av-4v3kd-c8db326436dc0f814c327be625e0af5b avia-slideshow-featured_large av_slideshow_full avia-fade-slider av-slideshow-ui av-control-minimal av-slideshow-manual av-loop-once av-loop-manual-endless av-default-height-applied   avia-slideshow-1' data-slideshow-options=\"{&quot;animation&quot;:&quot;fade&quot;,&quot;autoplay&quot;:false,&quot;loop_autoplay&quot;:&quot;once&quot;,&quot;interval&quot;:5,&quot;loop_manual&quot;:&quot;manual-endless&quot;,&quot;autoplay_stopper&quot;:false,&quot;noNavigation&quot;:false,&quot;bg_slider&quot;:false,&quot;keep_padding&quot;:false,&quot;hoverpause&quot;:false,&quot;show_slide_delay&quot;:0}\"  itemprop=\"image\" itemscope=\"itemscope\" itemtype=\"https:\/\/schema.org\/ImageObject\" ><ul class='avia-slideshow-inner ' style='padding-bottom: 45%;'><li  class='avia-slideshow-slide av-4v3kd-c8db326436dc0f814c327be625e0af5b__0  av-single-slide slide-1 slide-odd'><div data-rel='slideshow-1' class='avia-slide-wrap '   ><div class='av-slideshow-caption av-4v3kd-c8db326436dc0f814c327be625e0af5b__0 caption_fullwidth caption_bottom'><div class=\"container caption_container\"><div class=\"slideshow_caption\"><div class=\"slideshow_inner_caption\"><div class=\"slideshow_align_caption\"><h2 class='avia-caption-title '  itemprop=\"name\" >Barbara Simeon<\/h2><\/div><\/div><\/div><\/div><\/div><img fetchpriority=\"high\" class=\"wp-image-512 avia-img-lazy-loading-not-512\"  src='https:\/\/akupunktur-simeon.ch\/wordpress\/wp-content\/uploads\/2016\/01\/Barbara_1280x576.png' width='1280' height='576' title='Barbara_1280x576' alt=''  itemprop=\"thumbnailUrl\"   \/><\/div><\/li><\/ul><\/div><\/div><div id='after_full_slider_1'  class='main_color av_default_container_wrap container_wrap fullsize'  ><div class='container av-section-cont-open' ><div class='template-page content  av-content-full alpha units'><div class='post-entry post-entry-type-page post-entry-21'><div class='entry-content-wrapper clearfix'>\n<div  class='avia-testimonial-wrapper av-416pp-18c7bfc193da13a8b3b5c714b8daaadb avia-slider-testimonials avia-slider-2-testimonials avia_animate_when_almost_visible av-large-testimonial-slider av-slideshow-ui av-control-default av-slider-hover-pause av-slideshow-autoplay av-loop-endless av-loop-manual-endless' data-slideshow-options=\"{&quot;animation&quot;:&quot;fade&quot;,&quot;autoplay&quot;:true,&quot;loop_autoplay&quot;:&quot;endless&quot;,&quot;interval&quot;:5,&quot;loop_manual&quot;:&quot;manual-endless&quot;,&quot;autoplay_stopper&quot;:false,&quot;noNavigation&quot;:false,&quot;bg_slider&quot;:false,&quot;keep_padding&quot;:&quot;&quot;,&quot;hoverpause&quot;:true,&quot;show_slide_delay&quot;:0}\">\n<section class=\"avia-testimonial-row\"><div class='avia-testimonial av-3g4gh-631dd8da31f6ab71629f9103e6e65683 avia-testimonial-row-1 avia-first-testimonial flex_column no_margin av_one_half'><div class='avia-testimonial_inner'  itemscope=\"itemscope\" itemtype=\"https:\/\/schema.org\/CreativeWork\" ><div class='avia-testimonial-content '><div class='avia-testimonial-markup-entry-content'  itemprop=\"text\" ><p style=\"text-align: left;\"><span class='av_dropcap1 av-av_dropcap1-3cd9da5fea0ef5fb27aee617571c39a3'>I<\/span>ch sehe mich als Dienstleisterin und stelle mich gerne in<br \/>\nden Dienst der Menschen.<\/p>\n<\/div><\/div><div class=\"avia-testimonial-meta\"><div class=\"avia-testimonial-arrow-wrap\"><div class=\"avia-arrow\"><\/div><\/div><div class='avia-testimonial-image'  itemprop=\"image\" ><img loading=\"lazy\" decoding=\"async\" width=\"180\" height=\"180\" src=\"https:\/\/akupunktur-simeon.ch\/wordpress\/wp-content\/uploads\/2014\/08\/Ovo-Herz-180x180.jpg\" class=\"attachment-square size-square\" alt=\"\" \/><\/div><div class='avia-testimonial-meta-mini'  itemprop=\"author\" itemscope=\"itemscope\" itemtype=\"https:\/\/schema.org\/Person\" ><strong  class='avia-testimonial-name'  itemprop=\"name\" >Barbara Simeon<\/strong><\/div><\/div><\/div><\/div>\n<\/section><div class='avia-slideshow-arrows avia-slideshow-controls' ><a href='#prev' class='prev-slide ' aria-hidden='true' data-av_icon='\ue87c' data-av_iconfont='entypo-fontello'  tabindex='-1'>Zur\u00fcck<\/a><a href='#next' class='next-slide ' aria-hidden='true' data-av_icon='\ue87d' data-av_iconfont='entypo-fontello'  tabindex='-1'>Weiter<\/a><\/div><\/div>\n<div  class='tabcontainer av-9km5-32eafac40a5f29cc090c7d0ced16758e sidebar_tab sidebar_tab_left  avia-builder-el-2  el_after_av_testimonials  avia-builder-el-last  noborder_tabs' role='tablist'>\n<section class='av_tab_section av_tab_section av-25gwl-8c6e1010db9a5f9d20e8dcf8f10fbe24'  itemscope=\"itemscope\" itemtype=\"https:\/\/schema.org\/CreativeWork\" ><div class='tab active_tab' role='tab' tabindex='0' data-fake-id='#tab-id-1' aria-controls='tab-id-1-content'  itemprop=\"headline\" ><span class='tab_icon' aria-hidden='true' data-av_icon='\ue807' data-av_iconfont='entypo-fontello'><\/span>Mein Anliegen<\/div><div id='tab-id-1-content' class='tab_content active_tab_content' aria-hidden=\"false\"><div class='tab_inner_content invers-color'  itemprop=\"text\" ><h4>Mein Anliegen<\/h4>\n<p>Meine Neugier und Offenheit allem gegen\u00fcber, meine Vielseitigkeit und meine Flexibilit\u00e4t haben mir ein breites und tiefes Lern- und Erfahrungswissen m\u00f6glich gemacht. Ich habe verschieden Berufe gelernt und alle mit Freude und Begeisterung einige Jahre ausge\u00fcbt. Alle meine T\u00e4tigkeiten hatten und haben mit Menschen zu tun. Ich sehe mich als Dienstleisterin und stelle mich gerne in den Dienst der Menschen.<\/p>\n<p>Als Therapeutin begleite ich Ihren Weg \u00fcber die Stromschnellen Ihres Lebensflusses. Ich putze Ihre Wegweiser, damit Sie den Weg Ihrer (himmlischen) Bestimmung wieder finden und gehen k\u00f6nnen und somit Ihre Krankheit \u00fcberwinden k\u00f6nnen.<\/p>\n<p>Mehr \u00fcber meine Behandlungsweise und den Ablauf einer Behandlung, erfahren Sie <a href=\"https:\/\/akupunktur-simeon.ch\/wordpress\/?page_id=499\">hier<\/a>.<\/p>\n<\/div><\/div><\/section>\n<section class='av_tab_section av_tab_section av-1qqfd-53eff778ff068cb7b1ce2fde7f01d0e4'  itemscope=\"itemscope\" itemtype=\"https:\/\/schema.org\/CreativeWork\" ><div class='tab' role='tab' tabindex='0' data-fake-id='#tab-id-2' aria-controls='tab-id-2-content'  itemprop=\"headline\" ><span class='tab_icon' aria-hidden='true' data-av_icon='\ue840' data-av_iconfont='entypo-fontello'><\/span>Aus- und Weiterbildungen <\/div><div id='tab-id-2-content' class='tab_content' aria-hidden=\"true\"><div class='tab_inner_content invers-color'  itemprop=\"text\" ><h4>Aus- und Weiterbildungen<\/h4>\n<p>W\u00e4hrend und nach meiner Ausbildung habe ich einige hundert Praktikumsstunden in der Lehrpraxis der Dreil\u00e4nderschule, im Therapiezentrum Akademie f\u00fcr Naturheilkunde in der TCM-Praxis bei Markus Granzow und in der Praxisgemeinschaft bei Josef M\u00fcller und der Ben Shen Schule absolvieren d\u00fcrfen.<\/p>\n<p>Damit ich Sie bestm\u00f6glich begleiten kann, sind f\u00fcr mich st\u00e4ndige fachliche wie auch pers\u00f6nliche Weiterbildungen eine Selbstverst\u00e4ndlichkeit.<\/p>\n<p>Finden Sie hier einen Auszug\u2026<\/p>\n<ul>\n<li>Ausbildung zur Arzthelferin in \u00dcberlingen (D) am Bodensee<\/li>\n<li>Kurse in Psycho-Sozialer Versorgung (Defusing und Debriefing) 2005<\/li>\n<li>Diplomausbildung Traditionelle Chinesische Medizin mit Schwerpunkt Akupunktur an der Drei L\u00e4nder Schule in Steinen (2009 &#8211; 2011)<\/li>\n<li>Medizinische Grundlagenausbildung bei Bodyfeet Aarau (2011-2013)<\/li>\n<li>Chinesische Medizin &#8211; eine k\u00f6rpergest\u00fctzte Psychotherapie \/ Ben Shen Schule ZH (2011-2013)<\/li>\n<li>Konstitutionelle Meridiantherapie \/ Ben Shen Schule ZH (2014)<\/li>\n<li>Muskeltestung des Meridiansystems \u2013 Dialog mit dem Tiefenbewusstsein \/ Ben Shen Schule ZH (2015)<\/li>\n<li>Chinesische Medizin als k\u00f6rpergest\u00fctzte Psychotherapie KMT I\/ Ben Shen Schule ZH (2015)<\/li>\n<li>Licht und Schatten in der Chinesischen Praxis (2. Kongress Eranosstiftung in Ascona) (2015)<\/li>\n<li>Liebe in der Medizin (3. Kongress Eranosstriftung in Ascona) (2016)<\/li>\n<li>Auf Palpation begr\u00fcndete Akupunktur unter Ber\u00fccksichtigung verschiedener japanischer Meister (AGT Offenbach, David Euler) (2016)<\/li>\n<li>F\u00fcnf Wandlungsphasen Puls- und abdominale Diagnostik (2016)<\/li>\n<li>Chinesische Medizin als k\u00f6rpergest\u00fctzte Psychotherapie KMT II\/ Ben Shen Schule ZH (2016-2017)<\/li>\n<li>Heilen in der Aura &#8211; Aurachirurgie &#8211; zertigizierte Auratherapeutin nach Gerhard Kl\u00fcgl (2017)<\/li>\n<li>Anwendung von Stimmgabeln im Atelier f\u00fcr Heilkl\u00e4nge und Gesundheit (B\u00e4ch) 2018<\/li>\n<li>Konstituelle Meridiantherapie \/ Ben Shen Schule ZH (2017-2018)<\/li>\n<li>Japanische Heilkunst mit Kiiko Matsumoto (2019)<\/li>\n<li>Z\u00fcrcher Traumatage, W\u00fcrde und seelische Verletzung mit Peter Levine und Dr. Gerald H\u00fcther) 2020<\/li>\n<li>Qi Gong Basiskurs HPS Luzern (2020)<\/li>\n<li>Die sanfte Kunst des Teishin mit Bob Quinn (2020)<\/li>\n<li>Psychische Techniken w\u00e4hrend der Meridianbehandlung und die Trauma Behandlung mit diesen Techniken \/ Ben Shen Schule (2020)<\/li>\n<li>Die divergenten Leitbahnen, Vertiefung und klinische Anwendungen mit Schwerpunkt auf Autoimmunerkrankungen \/ Ben Shen Schule (2021)<\/li>\n<li>Die psychosomatischen Profile aller 12 Meridiane und erweiterte 5 Wandlungsphasen Strategie \/ Ben Shen Schule (2022)<\/li>\n<li>Zineng Qigong Lehrerin &#8211; Stufe I \/ Qigong Institut Dr. Wang (2020 &#8211; 2022)<\/li>\n<li>Qi Gon Medizin \/ Qigong Institut Dr. Wang) 2021 &#8211; 2022<\/li>\n<li><span dir=\"ltr\" role=\"presentation\">Autoimmunerkrankungen \/ Komplement\u00e4rmedizinische Fa<\/span><span dir=\"ltr\" role=\"presentation\">chtagung in Z\u00fcrich \/ ASCA Forum <\/span><\/li>\n<li>Postraumatisches Stresssyndrom nach 2 Jahren Covid Pandemie \/ ASCA Forum<\/li>\n<li><span id=\"page3R_mcid16\" class=\"markedContent\"><span dir=\"ltr\" role=\"presentation\">Immunsystem vernetzt<\/span> <span dir=\"ltr\" role=\"presentation\">&#8211;<\/span> <span dir=\"ltr\" role=\"presentation\">wie k\u00f6nnen wir <\/span><\/span><span id=\"page3R_mcid17\" class=\"markedContent\"><span dir=\"ltr\" role=\"presentation\">unsere Abwehr optimieren<\/span><\/span> \/ Paramed Akademie, Dr. Feldhaus<\/li>\n<li>Medizin ohne Form &#8211; Angelegenheiten des Herzens \/ Ben Shen Schule (2023)<\/li>\n<li>Autoflammatorische Erkrankungen im System &#8211; Familienstellen nach Hellinger \/ Joy Cavegn (2023)<\/li>\n<li>Sch\u00e4delakupunktur, Tianjung Wang \/ TCM Kongress Rothenburg o.d. Tauber (2023)<\/li>\n<li>NADA Protokoll, Sieglinde Wilz \/ TCM Kongress Rothenburg o.d. Tauber (2023)<\/li>\n<\/ul>\n<\/div><\/div><\/section>\n<section class='av_tab_section av_tab_section av-101jp-8db6ccb72983263eaa55b8888ac94233'  itemscope=\"itemscope\" itemtype=\"https:\/\/schema.org\/CreativeWork\" ><div class='tab' role='tab' tabindex='0' data-fake-id='#tab-id-3' aria-controls='tab-id-3-content'  itemprop=\"headline\" ><span class='tab_icon' aria-hidden='true' data-av_icon='\ue837' data-av_iconfont='entypo-fontello'><\/span>Leitbild und Philosophie<\/div><div id='tab-id-3-content' class='tab_content' aria-hidden=\"true\"><div class='tab_inner_content invers-color'  itemprop=\"text\" ><h4>Leitbild &amp; Philosophie<\/h4>\n<p>Der Leitsatz der Akupunkturpraxis Simeon:<\/p>\n<blockquote>\n<p><em>\u201eMenschen werden krank weil sie nicht gen\u00fcgend Wertsch\u00e4tzung und Liebe erhalten &#8211; also gebt euren Patienten\u00a0Liebe\u201c (Sun Si Miao (580 n. Chr.)<\/em><\/p>\n<\/blockquote>\n<p><img loading=\"lazy\" decoding=\"async\" class=\" wp-image-565 alignleft\" src=\"https:\/\/akupunktur-simeon.ch\/wordpress\/wp-content\/uploads\/2014\/09\/Favicon.png\" alt=\"Favicon Logo Akupunkturpraxis Simeon\" width=\"86\" height=\"97\" \/>Mein Logo habe ich sehr bewusst in Gold realisiert, weil es f\u00fcr meine Arbeit steht. Es versinnbildlicht den alchemistischen Prozess von der Umwandlung der Metalle in Gold \u2013 was Ihr ureigener Schatz, Ihr Potential ist. Die Goldherstellung steht als Metapher f\u00fcr Heilung.<\/p>\n<p>So wie die Seerose, deren Wurzeln im Schlamm liegen, und dennoch der St\u00e4ngel nach oben dem Licht entgegen w\u00e4chst und schlussendlich eine wunderbare Bl\u00fcte entfaltet, so k\u00f6nnen auch wir Menschen auf unser Heil- Potential in uns zur\u00fcckgreifen. Mit der \u00dcberzeugung des Herzens k\u00f6nnen Realit\u00e4ten geschaffen werden.<\/p>\n<p><img loading=\"lazy\" decoding=\"async\" class=\"alignleft wp-image-570 size-entry_with_sidebar\" src=\"https:\/\/akupunktur-simeon.ch\/wordpress\/wp-content\/uploads\/2016\/01\/IMG_4782-845x321.jpg\" alt=\"Seerose\" width=\"845\" height=\"321\" \/><\/p>\n<p>Die Wissenschaft beschreibt es so:<\/p>\n<p>Der Medizinsoziologe A. Antonowskij hat das Konzept der Salutogenese, als medizinisches Pr\u00e4ventionskonzept zur Erhaltung der Gesundheit vorgestellt, wo er vom Koh\u00e4renzgef\u00fchl spricht, einer individuellen Grundeinstellung zur Gesundheit, das jeder Mensch besitzt. Der Basler Astronom Buser spricht sogar von einer Naturkraft im Universum, die die Daseinsform unserer Welt bestimmt, die der Inbegriff von Kreativit\u00e4t und Neuerschaffung (Heilung) ist, das k\u00f6nnte die Liebe sein, sagt er.<\/p>\n<\/div><\/div><\/section>\n<\/div>\n","protected":false},"excerpt":{"rendered":"","protected":false},"author":2,"featured_media":0,"parent":25,"menu_order":0,"comment_status":"open","ping_status":"open","template":"","meta":{"footnotes":""},"_links":{"self":[{"href":"https:\/\/akupunktur-simeon.ch\/wordpress\/index.php?rest_route=\/wp\/v2\/pages\/21"}],"collection":[{"href":"https:\/\/akupunktur-simeon.ch\/wordpress\/index.php?rest_route=\/wp\/v2\/pages"}],"about":[{"href":"https:\/\/akupunktur-simeon.ch\/wordpress\/index.php?rest_route=\/wp\/v2\/types\/page"}],"author":[{"embeddable":true,"href":"https:\/\/akupunktur-simeon.ch\/wordpress\/index.php?rest_route=\/wp\/v2\/users\/2"}],"replies":[{"embeddable":true,"href":"https:\/\/akupunktur-simeon.ch\/wordpress\/index.php?rest_route=%2Fwp%2Fv2%2Fcomments&post=21"}],"version-history":[{"count":38,"href":"https:\/\/akupunktur-simeon.ch\/wordpress\/index.php?rest_route=\/wp\/v2\/pages\/21\/revisions"}],"predecessor-version":[{"id":1712,"href":"https:\/\/akupunktur-simeon.ch\/wordpress\/index.php?rest_route=\/wp\/v2\/pages\/21\/revisions\/1712"}],"up":[{"embeddable":true,"href":"https:\/\/akupunktur-simeon.ch\/wordpress\/index.php?rest_route=\/wp\/v2\/pages\/25"}],"wp:attachment":[{"href":"https:\/\/akupunktur-simeon.ch\/wordpress\/index.php?rest_route=%2Fwp%2Fv2%2Fmedia&parent=21"}],"curies":[{"name":"wp","href":"https:\/\/api.w.org\/{rel}","templated":true}]}}