{"id":1033,"date":"2018-09-13T15:35:32","date_gmt":"2018-09-13T15:35:32","guid":{"rendered":"https:\/\/akupunktur-simeon.ch\/wordpress\/?page_id=1033"},"modified":"2023-12-21T17:14:36","modified_gmt":"2023-12-21T17:14:36","slug":"kurse-workshops","status":"publish","type":"page","link":"https:\/\/akupunktur-simeon.ch\/wordpress\/?page_id=1033","title":{"rendered":"Kurse &#038; Workshops"},"content":{"rendered":"<div id='full_slider_1'  class='avia-fullwidth-slider main_color avia-shadow   avia-builder-el-0  el_before_av_one_full  avia-builder-el-first   container_wrap fullsize'  ><div  class='avia-slideshow av-25puz15-d99e4b50e153c4a8d04bafe6126d6988 avia-slideshow-featured av_slideshow_full avia-slide-slider av-slideshow-ui av-control-default av-slideshow-manual av-loop-once av-loop-manual-endless av-default-height-applied   avia-slideshow-1' data-slideshow-options=\"{&quot;animation&quot;:&quot;slide&quot;,&quot;autoplay&quot;:false,&quot;loop_autoplay&quot;:&quot;once&quot;,&quot;interval&quot;:5,&quot;loop_manual&quot;:&quot;manual-endless&quot;,&quot;autoplay_stopper&quot;:false,&quot;noNavigation&quot;:false,&quot;bg_slider&quot;:false,&quot;keep_padding&quot;:false,&quot;hoverpause&quot;:false,&quot;show_slide_delay&quot;:0}\"  itemprop=\"image\" itemscope=\"itemscope\" itemtype=\"https:\/\/schema.org\/ImageObject\" ><ul class='avia-slideshow-inner ' style='padding-bottom: 28.666666666667%;'><li  class='avia-slideshow-slide av-25puz15-d99e4b50e153c4a8d04bafe6126d6988__0  av-single-slide slide-1 slide-odd'><div data-rel='slideshow-1' class='avia-slide-wrap '   ><div class='av-slideshow-caption av-25puz15-d99e4b50e153c4a8d04bafe6126d6988__0 caption_fullwidth caption_bottom'><div class=\"container caption_container\"><div class=\"slideshow_caption\"><div class=\"slideshow_inner_caption\"><div class=\"slideshow_align_caption\"><h2 class='avia-caption-title '  itemprop=\"name\" >Kurse & Workshops<\/h2><\/div><\/div><\/div><\/div><\/div><img fetchpriority=\"high\" class=\"wp-image-491 avia-img-lazy-loading-not-491\"  src='https:\/\/akupunktur-simeon.ch\/wordpress\/wp-content\/uploads\/2014\/08\/Ovo-2-1500x430.jpg' width='1500' height='430' title='Ovo 2' alt=''  itemprop=\"thumbnailUrl\"   \/><\/div><\/li><\/ul><\/div><\/div><div id='after_full_slider_1'  class='main_color av_default_container_wrap container_wrap fullsize'  ><div class='container av-section-cont-open' ><div class='template-page content  av-content-full alpha units'><div class='post-entry post-entry-type-page post-entry-1033'><div class='entry-content-wrapper clearfix'>\n\n<style type=\"text\/css\" data-created_by=\"avia_inline_auto\" id=\"style-css-av-21jg0rd-7c4c6d109943e6d8ef73b6e6861c7408\">\n.flex_column.av-21jg0rd-7c4c6d109943e6d8ef73b6e6861c7408{\nborder-radius:0px 0px 0px 0px;\npadding:0px 0px 0px 0px;\n}\n<\/style>\n<div  class='flex_column av-21jg0rd-7c4c6d109943e6d8ef73b6e6861c7408 av_one_full  avia-builder-el-1  el_after_av_slideshow_full  el_before_av_tab_container  avia-builder-el-first  first flex_column_div av-zero-column-padding  '     ><section  class='av_textblock_section av-1zsi2op-7255ba56260c39baa7a7dedb2a0a1097 '   itemscope=\"itemscope\" itemtype=\"https:\/\/schema.org\/CreativeWork\" ><div class='avia_textblock'  itemprop=\"text\" ><h3><strong>Schamanisches Wirken und Entfalten<\/strong><strong><br \/>\n<\/strong><\/h3>\n<h4><\/h4>\n<p><strong>Im Schamanismus finden wir die \u00e4ltesten Heilk\u00fcnste und Rituale der Menschheit. Mit Hilfe der Kr\u00e4fte der Natur wird das Bewusstsein f\u00fcr Heilung, f\u00fcr Probleml\u00f6sungen und Transformation eingesetzt. Durch die Verbindung zur Natur und den feinstofflichen Ebenen geschieht unmittelbar Heilung f\u00fcr K\u00f6rper, Geist und Seele. <\/strong><\/p>\n<p><strong>Im Jahr 1980 wurden schamanischen Heilmethoden von der Weltgesundheitsorganisation in der Behandlung psychosomatischer Erkrankungen dieselbe Bedeutung zuerkannt wie der westlichen Medizin. <\/strong><\/p>\n<blockquote>\n<p><em>Galsan Tschinag: Ein Schamane ist ein \u00dcbersetzer, ein Hin\u00fcbersetzer, ein Vermittler, ein Mensch mit wachem Geist und besseren &#8222;Antennen&#8220;. Er ist ein K\u00fcnstler, der den Menschen hilft \u00fcber den eigenen Schatten zu springen und den Weg zu finden. Ein Schamane sieht das Licht von verschiedenen Seiten.<\/em><\/p>\n<\/blockquote>\n<p><strong>\u00a0<\/strong><\/p>\n<p><strong>Im Moment finden keine Workshops in der Gruppe statt. Einzelsitzungen auf Anfrage.<\/strong><em><br \/>\n<\/em><\/p>\n<\/div><\/section><\/div><div  class='tabcontainer av-6ys0ih-fa4608c7046cb3a60e8f186469c6e759 sidebar_tab sidebar_tab_left  avia-builder-el-3  el_after_av_one_full  avia-builder-el-last  noborder_tabs' role='tablist'><\/div><\/p>\n","protected":false},"excerpt":{"rendered":"","protected":false},"author":2,"featured_media":479,"parent":1018,"menu_order":0,"comment_status":"closed","ping_status":"closed","template":"","meta":{"footnotes":""},"_links":{"self":[{"href":"https:\/\/akupunktur-simeon.ch\/wordpress\/index.php?rest_route=\/wp\/v2\/pages\/1033"}],"collection":[{"href":"https:\/\/akupunktur-simeon.ch\/wordpress\/index.php?rest_route=\/wp\/v2\/pages"}],"about":[{"href":"https:\/\/akupunktur-simeon.ch\/wordpress\/index.php?rest_route=\/wp\/v2\/types\/page"}],"author":[{"embeddable":true,"href":"https:\/\/akupunktur-simeon.ch\/wordpress\/index.php?rest_route=\/wp\/v2\/users\/2"}],"replies":[{"embeddable":true,"href":"https:\/\/akupunktur-simeon.ch\/wordpress\/index.php?rest_route=%2Fwp%2Fv2%2Fcomments&post=1033"}],"version-history":[{"count":154,"href":"https:\/\/akupunktur-simeon.ch\/wordpress\/index.php?rest_route=\/wp\/v2\/pages\/1033\/revisions"}],"predecessor-version":[{"id":1733,"href":"https:\/\/akupunktur-simeon.ch\/wordpress\/index.php?rest_route=\/wp\/v2\/pages\/1033\/revisions\/1733"}],"up":[{"embeddable":true,"href":"https:\/\/akupunktur-simeon.ch\/wordpress\/index.php?rest_route=\/wp\/v2\/pages\/1018"}],"wp:featuredmedia":[{"embeddable":true,"href":"https:\/\/akupunktur-simeon.ch\/wordpress\/index.php?rest_route=\/wp\/v2\/media\/479"}],"wp:attachment":[{"href":"https:\/\/akupunktur-simeon.ch\/wordpress\/index.php?rest_route=%2Fwp%2Fv2%2Fmedia&parent=1033"}],"curies":[{"name":"wp","href":"https:\/\/api.w.org\/{rel}","templated":true}]}}